{"id":1282,"date":"2022-08-01T13:00:18","date_gmt":"2022-08-01T13:00:18","guid":{"rendered":"https:\/\/nazcatrips.webja.pt\/?post_type=product&#038;p=1282"},"modified":"2025-09-29T18:48:08","modified_gmt":"2025-09-29T18:48:08","slug":"nazca-lines-and-palpa-lines-flight","status":"publish","type":"product","link":"https:\/\/nazcatrips.com\/pt\/shop\/nazca-lines\/nazca-lines-and-palpa-lines-flight\/","title":{"rendered":"Voo Linhas de Nazca e Linhas de Palpa"},"content":{"rendered":"<ul>\n<li>IItinerary<\/li>\n<\/ul>\n<p>Atividade do dia Voc\u00ea ser\u00e1 pego em seu hotel em Nazca e levado em um ve\u00edculo com ar condicionado para o aer\u00f3dromo, onde voc\u00ea embarcar\u00e1 em uma aeronave leve para um voo memor\u00e1vel sobre as Linhas de Nazca e Palpa. Um guia bil\u00edngue (ingl\u00eas\/espanhol) ir\u00e1 acompanh\u00e1-lo neste passeio.<\/p>\n<p>Este voo sobre as Linhas de Nazca e Palpa cobrir\u00e1 a extens\u00e3o do deserto pedregoso de Nazca e Palpa, cuja superf\u00edcie \u00e9 marcada por desenhos gigantescos e formas geom\u00e9tricas. O voo dura exatamente 60 minutos e \u00e9 a melhor maneira de ver essas linhas e figuras fascinantes.<\/p>\n<p>\u00c9 um dos legados mais incr\u00edveis que uma cultura deixou para tr\u00e1s e pode ser apreciado apenas do c\u00e9u a uma altitude de 1500 p\u00e9s.<\/p>\n<h3>Inclus\u00f5es<\/h3>\n<p>Traslado de ida e volta do hotel em um hotel selecionado em Nazca.<\/p>\n<p>Se voc\u00ea est\u00e1 chegando de Arequipa ou Cusco, basta nos informar o nome da empresa de \u00f4nibus e aprox. hora de sua chegada para busc\u00e1-lo.<\/p>\n<p>Guia bil\u00edngue (ingl\u00eas\/espanhol).<\/p>\n<p>Proje\u00e7\u00e3o de v\u00eddeo sobre as Linhas de Nazca no aeroporto.<\/p>\n<p>Voo tur\u00edstico de 60 minutos sobre as linhas de Nazca<\/p>\n<h3>Exclus\u00f5es<\/h3>\n<p>Taxa de aeroporto (S\/. 77,00 por pessoa)<\/p>\n<h3>Dispon\u00edvel<\/h3>\n<p>Voos di\u00e1rios das Linhas de Nazca do Aeroporto de Nasca \/ Estrada Panamericana Km.450<\/p>\n<h3>Hor\u00e1rio da primeira partida e \u00faltimo voo<\/h3>\n<p>O voo est\u00e1 dispon\u00edvel a partir de: 7:00 hrs. \u00e0s 14h30.<\/p>\n<p>Mas voar durante a manh\u00e3 \u00e9 muito prefer\u00edvel do que voar \u00e0 tarde.<\/p>\n<h3>Hora de retorno do seu voo<\/h3>\n<p>1. Baixa Temporada: a opera\u00e7\u00e3o total para voos pode levar 2 horas. (\u00c0s vezes, h\u00e1 pequenos atrasos antes do voo, enquanto isso, podemos assistir a um filme em v\u00eddeo para obter mais informa\u00e7\u00f5es sobre as Linhas de Nazca).<\/p>\n<p>2. Alta Temporada: A partida exata do voo depender\u00e1 das condi\u00e7\u00f5es clim\u00e1ticas e do tr\u00e1fego a\u00e9reo, lembre-se de que estamos no inverno.<\/p>\n<p>Informa\u00e7\u00f5es adicionais sobre o seu voo da Nasca:<\/p>\n<p>1. Este voo deve ser reservado com pelo menos 1 dia de anteced\u00eancia em rela\u00e7\u00e3o \u00e0 data da sua viagem, caso pretenda faz\u00ea-lo atrav\u00e9s do nosso website.<\/p>\n<p>2. Exigiremos certas informa\u00e7\u00f5es suas para reservar seu voo cl\u00e1ssico sobre as linhas de nazca, como:<\/p>\n<p>Nomes completos dos participantes:<br \/>\nNacionalidades:<br \/>\nN\u00fameros do passaporte:<br \/>\nIdades:<br \/>\nPeso exato:<br \/>\nEndere\u00e7o do hotel em Nasca:<br \/>\nData do voo de Nasca e Palpa:<\/p>\n<p>Restri\u00e7\u00f5es de participantes:<\/p>\n<p>Os participantes com peso superior a 90 kg (198 libras) devem reservar um lugar adicional para acomodar as restri\u00e7\u00f5es de peso.<\/p>\n<p>Important note: the time flight viewing will be 45 minutes. take note as well is weather influence this flight experience.<\/p>","protected":false},"excerpt":{"rendered":"<h3>1 hora de aventura de voo<\/h3>\n<p>As Linhas de Palpa s\u00e3o figuras que representam a civiliza\u00e7\u00e3o Paracas que data de 700 AC at\u00e9 200 DC Esta civiliza\u00e7\u00e3o desenvolveu as maiores amostras de arte t\u00eaxtil policromada. Al\u00e9m disso, foi uma das primeiras comunidades humanas a fazer trepana\u00e7\u00f5es cranianas. Eles propositalmente alteraram a forma do cr\u00e2nio para torn\u00e1-lo mais longo, cujo prop\u00f3sito permanece um mist\u00e9rio at\u00e9 hoje. Neste voo de 1 hora voc\u00ea visualizar\u00e1 as 12 figuras das linhas de Nazca + 10 figuras pertencentes \u00e0 civiliza\u00e7\u00e3o Paracas como: a fam\u00edlia Paracas, o rel\u00f3gio solar, a estrela, o viajante entre outros.<\/p>","protected":false},"featured_media":966,"template":"","meta":{"_acf_changed":false},"product_brand":[],"product_cat":[39,29],"product_tag":[],"class_list":{"0":"post-1282","1":"product","2":"type-product","3":"status-publish","4":"has-post-thumbnail","6":"product_cat-nazca-lines","7":"product_cat-flight","8":"wt_location-nazca-tour","10":"first","11":"instock","12":"sold-individually","13":"shipping-taxable","14":"purchasable","15":"product-type-simple"},"acf":{"resumo_email":"<h3>Itinerary<\/h3>\r\nDay Activity You will be picked up from your hotel in Nazca and taken in an air-conditioned vehicle to the aerodrome where you will board a light aircraft for a memorable Flight over Nazca and Palpa Lines. A bilingual guide (English\/ Spanish) will accompany you on this tour.\r\n\r\nThis flight over the Nazca Lines and Palpa will cover the expanse of stony Nazca and Palpa desert,the surface of wich is scarred by gigantic drawings and geometrical shapes. The flight last exactly 60 minutes and is the best way to see these fascinating lines and figures.\r\n\r\nIt is one of the most incredible legacies that a culture has left behind and can be appreciated only from the sky to an altitude of 1500 feet."},"_links":{"self":[{"href":"https:\/\/nazcatrips.com\/pt\/wp-json\/wp\/v2\/product\/1282","targetHints":{"allow":["GET"]}}],"collection":[{"href":"https:\/\/nazcatrips.com\/pt\/wp-json\/wp\/v2\/product"}],"about":[{"href":"https:\/\/nazcatrips.com\/pt\/wp-json\/wp\/v2\/types\/product"}],"wp:featuredmedia":[{"embeddable":true,"href":"https:\/\/nazcatrips.com\/pt\/wp-json\/wp\/v2\/media\/966"}],"wp:attachment":[{"href":"https:\/\/nazcatrips.com\/pt\/wp-json\/wp\/v2\/media?parent=1282"}],"wp:term":[{"taxonomy":"product_brand","embeddable":true,"href":"https:\/\/nazcatrips.com\/pt\/wp-json\/wp\/v2\/product_brand?post=1282"},{"taxonomy":"product_cat","embeddable":true,"href":"https:\/\/nazcatrips.com\/pt\/wp-json\/wp\/v2\/product_cat?post=1282"},{"taxonomy":"product_tag","embeddable":true,"href":"https:\/\/nazcatrips.com\/pt\/wp-json\/wp\/v2\/product_tag?post=1282"}],"curies":[{"name":"wp","href":"https:\/\/api.w.org\/{rel}","templated":true}]}}