{"id":636,"date":"2022-08-01T10:00:50","date_gmt":"2022-08-01T10:00:50","guid":{"rendered":"https:\/\/nazcatrips.webja.pt\/?post_type=product&#038;p=636"},"modified":"2022-08-26T00:44:29","modified_gmt":"2022-08-26T00:44:29","slug":"tour-to-the-petroglyphs-of-chichictara-palpa-peru","status":"publish","type":"product","link":"https:\/\/nazcatrips.com\/pt\/shop\/nazca-tour\/tour-to-the-petrogliphs-of-chichictara-palpa-peru\/","title":{"rendered":"Excurs\u00e3o aos petr\u00f3glifos de Chichictara, Palpa, Peru"},"content":{"rendered":"<h3>Sobre o passeio<\/h3>\n<p>Milhares de petr\u00f3glifos podem ser encontrados na regi\u00e3o de Nasca-Palpa. Muitos deles t\u00eam uma grande semelhan\u00e7a com os geoglifos recentemente descobertos datados do Per\u00edodo Paracas (800-200 aC), obviamente os precursores dos famosos geoglifos do per\u00edodo Nasca subsequente (200 aC-650 dC). Enquanto os geoglifos de Nasca s\u00e3o foco de in\u00fameros trabalhos cient\u00edficos, petr\u00f3glifos e geoglifos de Paracas ainda n\u00e3o foram objeto de investiga\u00e7\u00e3o.<\/p>\n<p>Os resultados das investiga\u00e7\u00f5es indicam que os s\u00edtios petr\u00f3glifos nesta \u00e1rea eram antigos locais de descanso em rotas comerciais de longa dist\u00e2ncia que ligavam a regi\u00e3o costeira ao planalto e provavelmente at\u00e9 a regi\u00e3o amaz\u00f4nica. Neste contexto, lan\u00e7am-se novas luzes sobre os petr\u00f3glifos para interpreta\u00e7\u00f5es iconogr\u00e1ficas.<\/p>\n<p>Alguns petr\u00f3glifos de Chichictara j\u00e1 eram reconhecidos como figuras t\u00edpicas de Chav\u00ednoid ou Paracas h\u00e1 algumas d\u00e9cadas (Mej\u00eda Xesspe 1972), aqui o foco \u00e9 principalmente em resultados relativos \u00e0 cultura Paracas arqueologicamente definida (hoje datada de 800 a 200 aC).<\/p>\n<p>Um dos petr\u00f3glifos na rocha n\u00famero 6 do setor de Chichictara mostra uma representa\u00e7\u00e3o semelhante de Chav\u00edn Head<\/p>\n<p>Em particular, as representa\u00e7\u00f5es da chamada Cabe\u00e7a de Chav\u00edn s\u00e3o conclusivas e podem ser diretamente ligadas ao petr\u00f3glifo n\u00famero 6 . Esta \u00e9 pelo menos uma indica\u00e7\u00e3o para a data\u00e7\u00e3o dos petr\u00f3glifos.<\/p>\n<p>A pesquisa para o per\u00edodo inicial (1800-800 aC) foi realizada apenas marginalmente na regi\u00e3o costeira sul e foi quase exclusivamente concentrada no centro e norte do Peru. Portanto, n\u00e3o est\u00e1 claro se a cultura Paracas tem suas ra\u00edzes nesta regi\u00e3o ou se \u00e9 resultado de uma difus\u00e3o do estilo Chav\u00edn do planalto central e do norte.<\/p>\n<p>Tamb\u00e9m admiraremos um dos mais belos petr\u00f3glifos de La Viuda. Essa rocha \u00e9 chamada<\/p>\n<p>\u201cLas Tres Edades\u201d = as tr\u00eas idades.<\/p>\n<h3>Por que reservar esta experi\u00eancia?<\/h3>\n<p>Entenda as origens do homem da costa peruana e seu desenvolvimento para as interpreta\u00e7\u00f5es das grandes telas feitas em civiliza\u00e7\u00f5es futuras.<\/p>\n<h3>Itiner\u00e1rio<\/h3>\n<p>Voc\u00ea ser\u00e1 buscado em seu hotel no hor\u00e1rio programado em Nazca e levado para a excurs\u00e3o de aventura arqueol\u00f3gica indiana jones.<\/p>\n<p>No caminho, admiraremos a paisagem des\u00e9rtica passando pela \u00e1rea onde est\u00e3o situadas as linhas de Nazca e Pal\u00e1. Pararemos nos dois mirantes met\u00e1licos: isso para apreciar a composi\u00e7\u00e3o das famosas linhas e figuras de Nazca e Palpa.<\/p>\n<p>No final visitaremos o museu de Palpa e depois subiremos uma montanha muito pequena e descobriremos os petr\u00f3glifos de Palpa com admira\u00e7\u00e3o!<\/p>\n<p>Admirados e com informa\u00e7\u00f5es ainda em andamento, retornaremos \u00e0 cidade de Nazca e deixaremos voc\u00ea em seu hotel ou em algum ponto da cidade.<\/p>\n<h3>Inclus\u00f5es<\/h3>\n<p>Traslado de ida e volta de ida e volta do hotel a partir de um hotel selecionado em Nazca.<\/p>\n<p>Guia\/motorista particular (ingl\u00eas-espanhol \u2013 franc\u00eas \u2013 italiano)<\/p>\n<h3>Exclus\u00f5es<\/h3>\n<p>Refei\u00e7\u00f5es ou Lanches.<\/p>\n<h3>Informa\u00e7\u00f5es adicionais para este passeio terrestre<\/h3>\n<p>Traga \u00e1gua e roupas leves, estamos no deserto mais seco do planeta!<\/p>","protected":false},"excerpt":{"rendered":"<h3>Milhares de petr\u00f3glifos podem ser encontrados na regi\u00e3o de Nasca-Palpa.<\/h3>\n<p>Muitos deles t\u00eam uma grande semelhan\u00e7a com os geoglifos recentemente descobertos datados do Per\u00edodo Paracas (800-200 aC), obviamente os precursores dos famosos geoglifos do per\u00edodo Nasca subsequente (200 aC-650 dC). Enquanto os geoglifos de Nasca s\u00e3o foco de in\u00fameros trabalhos cient\u00edficos, petr\u00f3glifos e geoglifos de Paracas ainda n\u00e3o foram objeto de investiga\u00e7\u00e3o.<\/p>","protected":false},"featured_media":947,"template":"","meta":{"_acf_changed":false},"product_brand":[],"product_cat":[23],"product_tag":[],"class_list":{"0":"post-636","1":"product","2":"type-product","3":"status-publish","4":"has-post-thumbnail","6":"product_cat-nazca-tour","7":"wt_location-nazca-tour","9":"first","10":"instock","11":"sold-individually","12":"shipping-taxable","13":"purchasable","14":"product-type-simple"},"acf":{"resumo_email":""},"_links":{"self":[{"href":"https:\/\/nazcatrips.com\/pt\/wp-json\/wp\/v2\/product\/636","targetHints":{"allow":["GET"]}}],"collection":[{"href":"https:\/\/nazcatrips.com\/pt\/wp-json\/wp\/v2\/product"}],"about":[{"href":"https:\/\/nazcatrips.com\/pt\/wp-json\/wp\/v2\/types\/product"}],"wp:featuredmedia":[{"embeddable":true,"href":"https:\/\/nazcatrips.com\/pt\/wp-json\/wp\/v2\/media\/947"}],"wp:attachment":[{"href":"https:\/\/nazcatrips.com\/pt\/wp-json\/wp\/v2\/media?parent=636"}],"wp:term":[{"taxonomy":"product_brand","embeddable":true,"href":"https:\/\/nazcatrips.com\/pt\/wp-json\/wp\/v2\/product_brand?post=636"},{"taxonomy":"product_cat","embeddable":true,"href":"https:\/\/nazcatrips.com\/pt\/wp-json\/wp\/v2\/product_cat?post=636"},{"taxonomy":"product_tag","embeddable":true,"href":"https:\/\/nazcatrips.com\/pt\/wp-json\/wp\/v2\/product_tag?post=636"}],"curies":[{"name":"wp","href":"https:\/\/api.w.org\/{rel}","templated":true}]}}