{"id":948,"date":"2022-08-01T12:30:11","date_gmt":"2022-08-01T12:30:11","guid":{"rendered":"https:\/\/nazcatrips.webja.pt\/?post_type=product&#038;p=948"},"modified":"2024-01-14T22:50:57","modified_gmt":"2024-01-14T22:50:57","slug":"nazca-lines-viewing-tower-tour","status":"publish","type":"product","link":"https:\/\/nazcatrips.com\/pt\/shop\/nazca-lines\/nazca-lines-viewing-tower-tour\/","title":{"rendered":"Excurs\u00e3o \u00e0 Torre de Observa\u00e7\u00e3o das Linhas de Nazca"},"content":{"rendered":"<h3>Sobre o passeio<\/h3>\n<p>A \u00e1rea onde est\u00e3o localizadas as linhas de Nazca tem 500 km 2 onde existem centenas de figuras e<br \/>\nmilhares de linhas e trap\u00e9zios. Alguns deles s\u00e3o: A Baleia, Trap\u00e9zio, O Astronauta, Macaco, C\u00e3o, Beija-flor, Condor, Aranha,<br \/>\nP\u00e1ssaro Fragata, O Papagaio, A \u00c1rvore e As M\u00e3os. Algumas das figuras atingem mais de 300 metros e a maioria s\u00f3 pode ser apreciada do ar. Para quem eles foram feitos, se a maioria deles s\u00f3 podiam ser vistos do c\u00e9u?<\/p>\n<p>Este passeio promete lev\u00e1-lo a uma viagem ao passado, aproximando-o para desfrutar e admirar profundamente uma das maiores maravilhas de todo o planeta. Depois de ter desfrutado de uma das melhores experi\u00eancias da sua vida, devolv\u00ea-lo-emos ao seu hotel ou a algum ponto da cidade. A gratid\u00e3o por nos ter escolhido para a sua visita \u00e0s milenares e espantosas linhas de nazca ser\u00e1 o fim dos nossos servi\u00e7os.<\/p>\n<h3>Por que reservar esta experi\u00eancia<\/h3>\n<p>Definitivamente, se voc\u00ea vier ao Peru, Nazca \u00e9 uma das culturas mais interessantes do antigo Peru. Se voc\u00ea n\u00e3o pode sobrevo\u00e1-los, eles ainda podem carregar lembran\u00e7as maravilhosas de v\u00ea-los no ch\u00e3o.<\/p>\n<h3>Roteiro Linhas de Nazca<\/h3>\n<p>Iremos busc\u00e1-lo ao seu hotel ou esta\u00e7\u00e3o de autocarros e o nosso passeio arqueol\u00f3gico levar-nos-\u00e1 atrav\u00e9s da mundialmente famosa estrada Panamericana do Sul, partindo de Nazca para norte, admiraremos a paisagem des\u00e9rtica e pararemos num miradouro natural, de onde veremos linhas e trap\u00e9zios que convergem para esta mesma montanha. Mais tarde, visitaremos o Museu Maria Recihe, onde conheceremos o trabalho \u00e1rduo que esta mulher espetacular dedicou ao estudo, preserva\u00e7\u00e3o e divulga\u00e7\u00e3o das linhas de Nazca.<\/p>\n<p>A pr\u00f3xima paragem ser\u00e1 a Torre Palpa, a partir daqui veremos mais 5 figuras! Estas figuras, segundo os arque\u00f3logos, pertencem \u00e0 Cultura Paracas, s\u00e3o conhecidas como a Fam\u00edlia Paracas e outros relacionam-nas com os Deuses Astronautas.<\/p>\n<p>Na parte final visitaremos o miradouro met\u00e1lico e veremos as figuras das m\u00e3os, da \u00e1rvore e do lagarto. (Ver o material com que foram feitos, ouvir a hist\u00f3ria de um guia local \u00e9 carregar uma mem\u00f3ria \u00fanica de um dos lugares mais interessantes do mundo). Admirados e com as informa\u00e7\u00f5es ainda em andamento, retornaremos \u00e0 cidade de Nazca e deixaremos voc\u00ea em seu hotel ou em algum lugar da cidade. Gratos por ter nos escolhido para sua visita \u00e0 chapelaria e incr\u00edveis linhas de nazca ser\u00e1 o fim de nossos servi\u00e7os.<\/p>\n<h3>Informa\u00e7\u00e3o adicional<\/h3>\n<p>Traga \u00e1gua e roupas leves, estamos no deserto mais seco do planeta!<\/p>\n<p>USD 50.00 por pessoa<\/p>","protected":false},"excerpt":{"rendered":"<h3>Sobre a Torre de Observa\u00e7\u00e3o das Linhas de Nazca<\/h3>\n<p>Esta breve paragem (num local bastante surreal no meio de um deserto) e a entrada para a torre de observa\u00e7\u00e3o est\u00e3o inclu\u00eddas na passagem por Nazca. \u00c9 poss\u00edvel ver as formas b\u00e1sicas de tr\u00eas das figuras de Nazca a partir dos 13 metros de altitude da torre.<\/p>\n<p>Esta \u00e9 uma abordagem muito mais pr\u00f3xima e pessoal para testemunhar as linhas, embora suas fotos n\u00e3o sejam t\u00e3o incr\u00edveis como quando voc\u00ea embarca no avi\u00e3o. Al\u00e9m disso, a nossa excurs\u00e3o ir\u00e1 esclarec\u00ea-lo sobre o fascinante passado da antiga sociedade de Nazca e as hip\u00f3teses predominantes por tr\u00e1s dessas linhas enigm\u00e1ticas.<\/p>","protected":false},"featured_media":949,"template":"","meta":{"_acf_changed":false},"product_brand":[],"product_cat":[39,23],"product_tag":[],"class_list":{"0":"post-948","1":"product","2":"type-product","3":"status-publish","4":"has-post-thumbnail","6":"product_cat-nazca-lines","7":"product_cat-nazca-tour","8":"wt_location-nazca-tour","10":"first","11":"instock","12":"sold-individually","13":"shipping-taxable","14":"purchasable","15":"product-type-simple"},"acf":{"resumo_email":""},"_links":{"self":[{"href":"https:\/\/nazcatrips.com\/pt\/wp-json\/wp\/v2\/product\/948","targetHints":{"allow":["GET"]}}],"collection":[{"href":"https:\/\/nazcatrips.com\/pt\/wp-json\/wp\/v2\/product"}],"about":[{"href":"https:\/\/nazcatrips.com\/pt\/wp-json\/wp\/v2\/types\/product"}],"wp:featuredmedia":[{"embeddable":true,"href":"https:\/\/nazcatrips.com\/pt\/wp-json\/wp\/v2\/media\/949"}],"wp:attachment":[{"href":"https:\/\/nazcatrips.com\/pt\/wp-json\/wp\/v2\/media?parent=948"}],"wp:term":[{"taxonomy":"product_brand","embeddable":true,"href":"https:\/\/nazcatrips.com\/pt\/wp-json\/wp\/v2\/product_brand?post=948"},{"taxonomy":"product_cat","embeddable":true,"href":"https:\/\/nazcatrips.com\/pt\/wp-json\/wp\/v2\/product_cat?post=948"},{"taxonomy":"product_tag","embeddable":true,"href":"https:\/\/nazcatrips.com\/pt\/wp-json\/wp\/v2\/product_tag?post=948"}],"curies":[{"name":"wp","href":"https:\/\/api.w.org\/{rel}","templated":true}]}}