{"id":950,"date":"2022-08-01T11:00:07","date_gmt":"2022-08-01T11:00:07","guid":{"rendered":"https:\/\/nazcatrips.webja.pt\/?post_type=product&#038;p=950"},"modified":"2022-08-26T00:41:44","modified_gmt":"2022-08-26T00:41:44","slug":"pampa-galeras-national-reserve-tour","status":"publish","type":"product","link":"https:\/\/nazcatrips.com\/pt\/shop\/nazca-tour\/pampa-galeras-reserva-nacional-tour\/","title":{"rendered":"Excurs\u00e3o Reserva Nacional Pampa Galeras"},"content":{"rendered":"<h3>Sobre o passeio<\/h3>\n<p>Na prov\u00edncia de Lucanas, esta \u00e1rea natural cont\u00e9m a maior popula\u00e7\u00e3o de vicunhas do pa\u00eds e do mundo, concentrada em um espa\u00e7o muito pequeno. \u00c9 tamb\u00e9m o lar de animais como a raposa andina, vizcachas e doninhas, al\u00e9m do condor andino, o flamingo andino e o tinamou andino. Outras atra\u00e7\u00f5es desta reserva nacional s\u00e3o as suas pinturas rupestres, o museu do s\u00edtio e o Centro de Interpreta\u00e7\u00e3o, onde s\u00e3o expostas esp\u00e9cies de flora e fauna.<\/p>\n<p>A reserva nacional Pampas Galeras protege o habitat de alta altitude da amea\u00e7ada vicunha, o parente t\u00edmido e elegante da alpaca e da lhama. Se voc\u00ea tiver a sorte de ver uma dessas criaturas ador\u00e1veis e delicadas na natureza, \u00e9 f\u00e1cil entender por que os incas as consideravam sagradas.<\/p>\n<p>Embora houvesse cerca de 2 milh\u00f5es de vicunhas vagando pelas montanhas no auge do Imp\u00e9rio Inca, os animais cor de canela foram quase ca\u00e7ados at\u00e9 a extin\u00e7\u00e3o ap\u00f3s a chegada dos espanh\u00f3is. Os conquistadores estavam atr\u00e1s de seu casaco de l\u00e3 extremamente valioso - a l\u00e3 luxuosamente macia e quente da vicunha \u00e9 uma das fibras naturais mais finas e caras do mundo.<\/p>\n<p>Hoje, Pampas Galeras \u00e9 um dos maiores santu\u00e1rios que trabalham para proteger essa ador\u00e1vel criatura. Cerca de 5.000 vicunhas vivem dentro dos limites da reserva em altitudes de mais de 10.000 p\u00e9s. A reserva nacional tamb\u00e9m ajuda a apoiar as comunidades rurais andinas que vivem em harmonia com a vida selvagem regional. Um m\u00e9todo de conserva\u00e7\u00e3o bem-sucedido tem sido dar \u00e0s aldeias locais uma participa\u00e7\u00e3o na prote\u00e7\u00e3o das vicunhas<br \/>\ntrazendo de volta a centen\u00e1ria cerim\u00f4nia de tosquia do chaccu.<\/p>\n<p>Todo m\u00eas de junho, os alde\u00f5es encurralam a vicunha, tosquiam a l\u00e3 sem prejudicar os animais e os soltam de volta \u00e0 natureza. A tosquia \u00e9 muitas vezes seguida por uma festa tradicional com m\u00fasica, bebida e dan\u00e7a. Este ritual beneficia as comunidades montanhosas isoladas, dando-lhes o direito de vender o caro velo dos animais, com o benef\u00edcio adicional de dissuadir poss\u00edveis ca\u00e7adores furtivos.<\/p>\n<h3>Por que reservar esta experi\u00eancia<\/h3>\n<p>Admire o s\u00edmbolo nacional da riqueza animal deste pa\u00eds.<\/p>\n<h3>Itiner\u00e1rio<\/h3>\n<p>Na hora indicada iniciaremos nosso passeio e atravessaremos o deserto e as montanhas em busca de um animal t\u00e3o apreci\u00e1vel, dono da melhor l\u00e3 do mundo. Durante o Imp\u00e9rio Inca era proibido matar a vicunha, ent\u00e3o a l\u00e3 foi recolhida em um<br \/>\nritual de tosquia conhecido como chaccu, e o velo de seda era usado apenas pela nobreza. Infelizmente, os conquistadores espanh\u00f3is usaram armas para ca\u00e7ar os animais lucrativos, uma pr\u00e1tica que durou s\u00e9culos at\u00e9 que a vicunha foi considerada uma esp\u00e9cie amea\u00e7ada de extin\u00e7\u00e3o na d\u00e9cada de 1970.<br \/>\nFaremos algumas paradas estrat\u00e9gicas para apreci\u00e1-los mais de perto e desfrutar da bela paisagem natural.<\/p>\n<p>Admirados e com as informa\u00e7\u00f5es ainda em andamento, retornaremos \u00e0 cidade de Nazca e deixaremos voc\u00ea em seu hotel ou em algum lugar da cidade. Gratos por ter nos escolhido para sua visita \u00e0s milenares e incr\u00edveis linhas de nazca ser\u00e1 o fim de nossos servi\u00e7os.<\/p>\n<h3>Exclus\u00f5es<\/h3>\n<p>Refei\u00e7\u00f5es<\/p>\n<h3>Informa\u00e7\u00e3o adicional<\/h3>\n<p>Leve em considera\u00e7\u00e3o que em Nazca estamos a 450 metros acima do n\u00edvel do mar e em Pampas Galeras podemos chegar a 4100 metros acima do n\u00edvel do mar.<\/p>","protected":false},"excerpt":{"rendered":"<h3>Sobre a Reserva Nacional Pampa Galeras<\/h3>\n<p>A reserva nacional Pampas Galeras, que fica no alto dos Andes, no departamento peruano de Ayacucho, guarda o habitat de alta altitude da amea\u00e7ada vicua, um parente t\u00edmido e gracioso da alpaca e da lhama. Se voc\u00ea tiver a sorte de encontrar uma dessas criaturas fofas e delicadas na natureza, fica claro por que os incas as reverenciavam.<\/p>","protected":false},"featured_media":951,"template":"","meta":{"_acf_changed":false},"product_brand":[],"product_cat":[23],"product_tag":[],"class_list":{"0":"post-950","1":"product","2":"type-product","3":"status-publish","4":"has-post-thumbnail","6":"product_cat-nazca-tour","7":"wt_location-nazca-tour","9":"first","10":"instock","11":"sold-individually","12":"shipping-taxable","13":"purchasable","14":"product-type-simple"},"acf":{"resumo_email":""},"_links":{"self":[{"href":"https:\/\/nazcatrips.com\/pt\/wp-json\/wp\/v2\/product\/950","targetHints":{"allow":["GET"]}}],"collection":[{"href":"https:\/\/nazcatrips.com\/pt\/wp-json\/wp\/v2\/product"}],"about":[{"href":"https:\/\/nazcatrips.com\/pt\/wp-json\/wp\/v2\/types\/product"}],"wp:featuredmedia":[{"embeddable":true,"href":"https:\/\/nazcatrips.com\/pt\/wp-json\/wp\/v2\/media\/951"}],"wp:attachment":[{"href":"https:\/\/nazcatrips.com\/pt\/wp-json\/wp\/v2\/media?parent=950"}],"wp:term":[{"taxonomy":"product_brand","embeddable":true,"href":"https:\/\/nazcatrips.com\/pt\/wp-json\/wp\/v2\/product_brand?post=950"},{"taxonomy":"product_cat","embeddable":true,"href":"https:\/\/nazcatrips.com\/pt\/wp-json\/wp\/v2\/product_cat?post=950"},{"taxonomy":"product_tag","embeddable":true,"href":"https:\/\/nazcatrips.com\/pt\/wp-json\/wp\/v2\/product_tag?post=950"}],"curies":[{"name":"wp","href":"https:\/\/api.w.org\/{rel}","templated":true}]}}