{"id":955,"date":"2022-08-01T12:12:59","date_gmt":"2022-08-01T12:12:59","guid":{"rendered":"https:\/\/nazcatrips.webja.pt\/?post_type=product&#038;p=955"},"modified":"2025-05-12T10:12:54","modified_gmt":"2025-05-12T10:12:54","slug":"historical-tour-to-the-pyramids-of-cahuachi","status":"publish","type":"product","link":"https:\/\/nazcatrips.com\/pt\/shop\/nazca-tour\/tour-historico-as-piramides-de-cahuachi\/","title":{"rendered":"Tour Hist\u00f3rico \u00e0s Pir\u00e2mides de Cahuachi"},"content":{"rendered":"<h3>Sobre o passeio<\/h3>\n<p>Cahuachi, um importante centro cerimonial da civiliza\u00e7\u00e3o Nazca no Peru, ocupou entre 200 aC \u2013 600 dC. O complexo arqueol\u00f3gico cobre uma \u00e1rea de 24 quil\u00f4metros quadrados e dentro de seu territ\u00f3rio existem grandes pir\u00e2mides, templos e plataformas.<\/p>\n<p>O centro cerimonial de Cahuachi tem uma grande import\u00e2ncia, pois foi l\u00e1 que se desenvolveu a antiga cultura Nazca. H\u00e1 muitas evid\u00eancias que indicam que os construtores das Linhas de Nazca rezaram em Cahuachi, todas essas evid\u00eancias s\u00e3o apoiadas pela grande variedade de artefatos e restos encontrados em Cahuachi, incluindo caba\u00e7as gravadas com desenhos relacionados \u00e0 natureza e abstratos, tecidos e cer\u00e2micas da civiliza\u00e7\u00e3o nazca, t\u00eaxteis e instrumentos musicais, bem como os restos mortais de uma crian\u00e7a sacrificada e dezenas de t\u00famulos contendo m\u00famias que datam de 2000 anos.<\/p>\n<p>Em Cahuachi tamb\u00e9m foram encontradas muitas cer\u00e2micas mostrando formas de seres humanos, animais e tigelas, representando uma iconografia surpreendente, que comprova claramente que todas as figuras gravadas no deserto de Nazca se assemelham \u00e0s encontradas pintadas nos potes encontrados em Cahuachi.<\/p>\n<p>Al\u00e9m disso, existem muitas linhas que apontam da \u00e1rea das Linhas de Nazca para Cahuachi, o que nos faz acreditar que as pessoas que fizeram as Linhas de Nazca tinham uma rela\u00e7\u00e3o \u00edntima com este local de cerim\u00f4nias religiosas ou usavam as estradas como caminhos sagrados e religiosos para chegar ao deserto de Nazca, onde voc\u00ea encontra essas maravilhosas linhas e figuras de Nazca.<\/p>\n<h3>Por que reservar esta experi\u00eancia?<\/h3>\n<p>1. Veja e surpreenda-se com este local de culto que mais tarde se tornou cemit\u00e9rio<\/p>\n<p>2. Encontre pe\u00e7as de cer\u00e2mica e restos arqueol\u00f3gicos de Nazca Early<\/p>\n<h3>Itiner\u00e1rio<\/h3>\n<p>Voc\u00ea ser\u00e1 buscado em seu hotel em Nazca e levado em um ve\u00edculo com ar condicionado para um passeio tur\u00edstico por Cahuachi. Um guia bil\u00edngue (ingl\u00eas\/espanhol) ir\u00e1 acompanh\u00e1-lo neste passeio.<\/p>\n<p>Dirigiremos nosso ve\u00edculo particular para o oeste de Nazca em dire\u00e7\u00e3o \u00e0 parte inferior do vale de Nazca e passaremos por campos agr\u00edcolas e maravilhosa paisagem des\u00e9rtica e, seguindo um pouco mais, encontraremos muitos fragmentos antigos de cer\u00e2mica e restos humanos.<\/p>\n<p>Chegando a Cahuachi, nosso guia local nos mostrar\u00e1 os setores mais importantes de Cahuachi, como a Grande Pir\u00e2mide, o Templo Escalonado e muitos outros setores que constituem as principais atra\u00e7\u00f5es de Cahuachi. Finalmente, pegaremos nosso ve\u00edculo particular para retornar a Nasca.<\/p>\n<p>No final do passeio, voc\u00ea ser\u00e1 levado de volta ao seu hotel em Nazca.<\/p>\n<h3>Exclus\u00f5es<\/h3>\n<p>\u2013 1. Refei\u00e7\u00f5es e Bebidas<\/p>","protected":false},"excerpt":{"rendered":"<h3>Sobre as Pir\u00e2mides de Cahuachi<\/h3>\n<p>Devido ao desenvolvimento da antiga civiliza\u00e7\u00e3o de Nazca, o centro cerimonial de Cahuachi \u00e9 extremamente significativo. A vasta gama de artefatos e restos descobertos em Cahuachi incluem caba\u00e7as gravadas com desenhos relacionados \u00e0 natureza e abstratos, tecidos e cer\u00e2micas da civiliza\u00e7\u00e3o nazca, tecidos e instrumentos musicais, bem como os restos de uma crian\u00e7a sacrificada e dezenas de t\u00famulos contendo m\u00famias que datam de 2000. anos. Esses artefatos e restos s\u00e3o todos favor\u00e1veis \u00e0 teoria de que os construtores das Linhas de Nazca rezaram em Cahuachi.<\/p>","protected":false},"featured_media":956,"template":"","meta":{"_acf_changed":false},"product_brand":[],"product_cat":[23],"product_tag":[],"class_list":{"0":"post-955","1":"product","2":"type-product","3":"status-publish","4":"has-post-thumbnail","6":"product_cat-nazca-tour","7":"wt_location-nazca-tour","9":"first","10":"instock","11":"sold-individually","12":"shipping-taxable","13":"purchasable","14":"product-type-simple"},"acf":{"resumo_email":""},"_links":{"self":[{"href":"https:\/\/nazcatrips.com\/pt\/wp-json\/wp\/v2\/product\/955","targetHints":{"allow":["GET"]}}],"collection":[{"href":"https:\/\/nazcatrips.com\/pt\/wp-json\/wp\/v2\/product"}],"about":[{"href":"https:\/\/nazcatrips.com\/pt\/wp-json\/wp\/v2\/types\/product"}],"wp:featuredmedia":[{"embeddable":true,"href":"https:\/\/nazcatrips.com\/pt\/wp-json\/wp\/v2\/media\/956"}],"wp:attachment":[{"href":"https:\/\/nazcatrips.com\/pt\/wp-json\/wp\/v2\/media?parent=955"}],"wp:term":[{"taxonomy":"product_brand","embeddable":true,"href":"https:\/\/nazcatrips.com\/pt\/wp-json\/wp\/v2\/product_brand?post=955"},{"taxonomy":"product_cat","embeddable":true,"href":"https:\/\/nazcatrips.com\/pt\/wp-json\/wp\/v2\/product_cat?post=955"},{"taxonomy":"product_tag","embeddable":true,"href":"https:\/\/nazcatrips.com\/pt\/wp-json\/wp\/v2\/product_tag?post=955"}],"curies":[{"name":"wp","href":"https:\/\/api.w.org\/{rel}","templated":true}]}}