{"id":958,"date":"2022-08-01T11:05:54","date_gmt":"2022-08-01T11:05:54","guid":{"rendered":"https:\/\/nazcatrips.webja.pt\/?post_type=product&#038;p=958"},"modified":"2025-05-12T10:13:49","modified_gmt":"2025-05-12T10:13:49","slug":"tour-to-cantalloc-aqueducts","status":"publish","type":"product","link":"https:\/\/nazcatrips.com\/pt\/shop\/nazca-tour\/tour-a-cantalloc-aquedutos\/","title":{"rendered":"Excurs\u00e3o aos Aquedutos de Cantalloc"},"content":{"rendered":"<h3>Sobre o passeio<\/h3>\n<p>Aqueduto Cantalloc \u00e9 o nome de uma grande atra\u00e7\u00e3o em Nazca. Est\u00e1 localizado no caminho de Nazca para Cusco.<\/p>\n<p>Nos Aquedutos de Cantalloc, onde est\u00e1 o ar livre, tem um formato em S para diminuir o fluxo de \u00e1gua e evitar que corra muito r\u00e1pido em tempos de inunda\u00e7\u00e3o. O povo de Nazca tamb\u00e9m construiu pontos de acesso, que ainda hoje d\u00e3o acesso direto para limpar e tamb\u00e9m oxigenar a \u00e1gua que \u00e9 surpreendentemente fresca.<\/p>\n<p>Eles sabiam que a \u00e1gua que descia dos Andes corria n\u00e3o apenas em rios, mas tamb\u00e9m em aqu\u00edferos, e inteligentemente aproveitava esses recursos essenciais. Alguns at\u00e9 argumentam que as famosas linhas de Nazca realmente apontam para fontes subterr\u00e2neas de \u00e1gua e que os s\u00edmbolos s\u00e3o dicas do que pode ser encontrado no solo \u00e1rido.<\/p>\n<h3>Por que reservar esta experi\u00eancia?<\/h3>\n<p>1. Maravilhe-se e caminhe pelos famosos aquedutos de Cantalloc.<\/p>\n<p>2. Descubra como eles poderiam coletar \u00e1gua do len\u00e7ol fre\u00e1tico.<\/p>\n<h3>Itiner\u00e1rio<\/h3>\n<p>Atividade do dia Voc\u00ea ser\u00e1 buscado em seu hotel em Nazca e levado no hor\u00e1rio designado em um ve\u00edculo com ar condicionado para os Aquedutos de Cantalloc, um guia bil\u00edngue (ingl\u00eas\/espanhol) ir\u00e1 acompanh\u00e1-lo neste passeio.<\/p>\n<p>No caminho antes de chegar ao canal de \u00e1gua vamos poder parar em um lugar chamado Needles para observar em condi\u00e7\u00e3o original umas enormes linhas de Nazca e trap\u00e9zios do alto de uma pequena colina.<\/p>\n<p>Depois, continuaremos visitando os antigos canais de Nazca de Cantalloc. Neste local caminharemos pelos enormes buracos em espiral e tamb\u00e9m pelos canais. Nosso guia explicar\u00e1 como o antigo povo de Nazca poderia construir todos esses canais e, em seguida, daremos um passeio pelos campos ao redor para ver algumas culturas produzidas pelo vale de Nazca.<\/p>\n<p>No final do passeio, voc\u00ea ser\u00e1 levado de volta ao seu hotel em Nazca.<\/p>\n<h3>Exclus\u00f5es<\/h3>\n<p>\u2013 Refei\u00e7\u00f5es e Bebidas.<\/p>","protected":false},"excerpt":{"rendered":"<h3>Sobre os Aquedutos de Cantalloc<\/h3>\n<p>Para sobreviver, o homem sempre foi inteligente para se adaptar a condi\u00e7\u00f5es aparentemente imposs\u00edveis de viver e nesta ocasi\u00e3o o povo de Nazca teve que encontrar uma maneira de ter acesso \u00e0 \u00e1gua neste clima \u00e1rido do deserto de Nazca. No s\u00e9culo V, os aquedutos foram constru\u00eddos para fornecer durante anos o acesso \u00e0 \u00e1gua essencial para a habita\u00e7\u00e3o permanente e irriga\u00e7\u00e3o da \u00e1rea.<\/p>\n<p>A \u00e1gua que corria em aqu\u00edferos era canalizada para onde era necess\u00e1ria usando canais subterr\u00e2neos artificiais. Caminhos conc\u00eantricos que levam a esses canais subterr\u00e2neos forneciam acesso direto \u00e0 \u00e1gua.<\/p>","protected":false},"featured_media":959,"template":"","meta":{"_acf_changed":false},"product_brand":[],"product_cat":[23],"product_tag":[],"class_list":{"0":"post-958","1":"product","2":"type-product","3":"status-publish","4":"has-post-thumbnail","6":"product_cat-nazca-tour","7":"wt_location-nazca-tour","9":"first","10":"instock","11":"sold-individually","12":"shipping-taxable","13":"purchasable","14":"product-type-simple"},"acf":{"resumo_email":""},"_links":{"self":[{"href":"https:\/\/nazcatrips.com\/pt\/wp-json\/wp\/v2\/product\/958","targetHints":{"allow":["GET"]}}],"collection":[{"href":"https:\/\/nazcatrips.com\/pt\/wp-json\/wp\/v2\/product"}],"about":[{"href":"https:\/\/nazcatrips.com\/pt\/wp-json\/wp\/v2\/types\/product"}],"wp:featuredmedia":[{"embeddable":true,"href":"https:\/\/nazcatrips.com\/pt\/wp-json\/wp\/v2\/media\/959"}],"wp:attachment":[{"href":"https:\/\/nazcatrips.com\/pt\/wp-json\/wp\/v2\/media?parent=958"}],"wp:term":[{"taxonomy":"product_brand","embeddable":true,"href":"https:\/\/nazcatrips.com\/pt\/wp-json\/wp\/v2\/product_brand?post=958"},{"taxonomy":"product_cat","embeddable":true,"href":"https:\/\/nazcatrips.com\/pt\/wp-json\/wp\/v2\/product_cat?post=958"},{"taxonomy":"product_tag","embeddable":true,"href":"https:\/\/nazcatrips.com\/pt\/wp-json\/wp\/v2\/product_tag?post=958"}],"curies":[{"name":"wp","href":"https:\/\/api.w.org\/{rel}","templated":true}]}}