{"id":961,"date":"2022-08-01T11:27:33","date_gmt":"2022-08-01T11:27:33","guid":{"rendered":"https:\/\/nazcatrips.webja.pt\/?post_type=product&#038;p=961"},"modified":"2025-05-12T10:11:55","modified_gmt":"2025-05-12T10:11:55","slug":"chauchilla-cemetery-tour","status":"publish","type":"product","link":"https:\/\/nazcatrips.com\/pt\/shop\/nazca-tour\/tour-to-chauchilla-cementery\/","title":{"rendered":"Cemit\u00e9rio de Chauchilla Tour"},"content":{"rendered":"<h3>Sobre o passeio<\/h3>\n<p>A civiliza\u00e7\u00e3o de Nazca tinha o h\u00e1bito de enterrar seu povo. Gra\u00e7as a esta pr\u00e1tica, o povo de Nazca deixou quase intocada cer\u00e2mica, tecidos coloridos, m\u00famias, cr\u00e2nios e dispositivos. Ladr\u00f5es locais e ladr\u00f5es de t\u00famulos estavam cientes disso desde o final do s\u00e9culo XX; as \u00fanicas coisas que eles deixaram para tr\u00e1s no deserto foram as m\u00famias e pequenos pertences. As m\u00famias s\u00e3o reorganizadas e expostas dentro de 12 t\u00famulos subterr\u00e2neos, embora fragmentos de pano e fragmentos de cer\u00e2mica e ossos ainda estejam espalhados pelo ch\u00e3o fora da trilha demarcada.<\/p>\n<p>Os antigos colonos de Nazca tamb\u00e9m tinham o costume de enterrar seu povo em posi\u00e7\u00e3o fetal e sempre voltado para o leste e enterrado com seus bens possivelmente com alguma ideia fant\u00e1stica de poder fazer uso em algum futuro pr\u00f3ximo como muitas civiliza\u00e7\u00f5es que floresceram no sul Peru.<\/p>\n<h3>Por que reservar esta experi\u00eancia?<\/h3>\n<p>1. Veja e surpreenda-se com este cemit\u00e9rio de Chauchilla que cont\u00e9m m\u00famias e restos arqueol\u00f3gicos.<br \/>\n2. Aproveite o calor e a incr\u00edvel paisagem do deserto de Nazca<\/p>\n<h3>Itiner\u00e1rio<\/h3>\n<p>Voc\u00ea ser\u00e1 buscado em seu hotel em Nazca e levado em nosso ve\u00edculo condicionado para um passeio tur\u00edstico pelo Cemit\u00e9rio de Chauchilla. Um guia bil\u00edngue (ingl\u00eas\/espanhol) ir\u00e1 acompanh\u00e1-lo neste passeio.<\/p>\n<p>Come\u00e7aremos nosso passeio primeiro fazendo uma parada no local onde um mestre artes\u00e3o nos dar\u00e1 uma boa explica\u00e7\u00e3o sobre a cer\u00e2mica de Nazca para entender mais sobre a iconografia e tamb\u00e9m sobre como o antigo povo de Nazca fazia cer\u00e2micas coloridas e bonitas.<\/p>\n<p>Continuando nosso passeio, seguiremos para o sul de Nazca, seguindo a rota Panamericana por cerca de 21 quil\u00f4metros e, em seguida, faremos um desvio por uma estrada acidentada de 7 quil\u00f4metros que leva ao cemit\u00e9rio arqueol\u00f3gico de Chauchilla.<\/p>\n<p>No cemit\u00e9rio de Chauchilla visitaremos v\u00e1rios t\u00famulos contendo antigos fragmentos de cer\u00e2mica e restos humanos. E tamb\u00e9m nosso guia nos mostrar\u00e1 t\u00famulos onde as pessoas n\u00e3o estiveram para descobrir o que h\u00e1.<\/p>\n<p>Nossos clientes tamb\u00e9m tomar\u00e3o banho de sol desfrutando de uma bela paisagem des\u00e9rtica.<\/p>\n<p>No final do passeio, voc\u00ea ser\u00e1 levado de volta ao seu hotel em Nazca.<\/p>\n<h3>Exclus\u00f5es<\/h3>\n<p>-Refei\u00e7\u00f5es e bebidas.<\/p>","protected":false},"excerpt":{"rendered":"<h3>Sobre o Cemit\u00e9rio de Chauchilla<\/h3>\n<p>O Cemit\u00e9rio de Chauchilla, 30 km ao sul de Nazca, satisfar\u00e1 qualquer desejo que voc\u00ea tenha de ver ossos antigos, cr\u00e2nios e m\u00famias. Datando da civiliza\u00e7\u00e3o tardia de Nazca por volta de 800 dC, ladr\u00f5es de t\u00famulos e arque\u00f3logos evidenciaram a descoberta anterior da civiliza\u00e7\u00e3o de Nazca no deserto de Nazca. Corpos do antigo povo de Nazca foram preservados no Cemit\u00e9rio de Chauchilla. O clima \u00e1rido da regi\u00e3o ajudou a preservar esses corpos.<\/p>","protected":false},"featured_media":962,"template":"","meta":{"_acf_changed":false},"product_brand":[],"product_cat":[23],"product_tag":[],"class_list":{"0":"post-961","1":"product","2":"type-product","3":"status-publish","4":"has-post-thumbnail","6":"product_cat-nazca-tour","7":"wt_location-nazca-tour","9":"first","10":"instock","11":"sold-individually","12":"shipping-taxable","13":"purchasable","14":"product-type-simple"},"acf":{"resumo_email":""},"_links":{"self":[{"href":"https:\/\/nazcatrips.com\/pt\/wp-json\/wp\/v2\/product\/961","targetHints":{"allow":["GET"]}}],"collection":[{"href":"https:\/\/nazcatrips.com\/pt\/wp-json\/wp\/v2\/product"}],"about":[{"href":"https:\/\/nazcatrips.com\/pt\/wp-json\/wp\/v2\/types\/product"}],"wp:featuredmedia":[{"embeddable":true,"href":"https:\/\/nazcatrips.com\/pt\/wp-json\/wp\/v2\/media\/962"}],"wp:attachment":[{"href":"https:\/\/nazcatrips.com\/pt\/wp-json\/wp\/v2\/media?parent=961"}],"wp:term":[{"taxonomy":"product_brand","embeddable":true,"href":"https:\/\/nazcatrips.com\/pt\/wp-json\/wp\/v2\/product_brand?post=961"},{"taxonomy":"product_cat","embeddable":true,"href":"https:\/\/nazcatrips.com\/pt\/wp-json\/wp\/v2\/product_cat?post=961"},{"taxonomy":"product_tag","embeddable":true,"href":"https:\/\/nazcatrips.com\/pt\/wp-json\/wp\/v2\/product_tag?post=961"}],"curies":[{"name":"wp","href":"https:\/\/api.w.org\/{rel}","templated":true}]}}