{"id":963,"date":"2022-08-01T13:05:26","date_gmt":"2022-08-01T13:05:26","guid":{"rendered":"https:\/\/nazcatrips.webja.pt\/?post_type=product&#038;p=963"},"modified":"2026-02-09T14:50:47","modified_gmt":"2026-02-09T14:50:47","slug":"the-grand-experience","status":"publish","type":"product","link":"https:\/\/nazcatrips.com\/pt\/shop\/nazca-lines\/a-grande-experiencia\/","title":{"rendered":"A Grande Experi\u00eancia"},"content":{"rendered":"<p>Este passeio destina-se aos amantes da hist\u00f3ria antiga, \u00e0queles que procuram visitar as ru\u00ednas das civiliza\u00e7\u00f5es mais espantosas do mundo e redescobrir a nossa verdadeira hist\u00f3ria.<\/p>\n<p>Vir ao Peru \u00e9 sin\u00f3nimo de arqueologia e mist\u00e9rio.<\/p>\n<p>Somos herdeiros de uma das maiores civiliza\u00e7\u00f5es de todo o mundo. Os nossos av\u00f3s conseguiram alcan\u00e7ar um vasto conhecimento de Matem\u00e1tica, astronomia, arquitectura e muito mais.<\/p>\n<p>Como nos recorda Nossa Senhora (Mar\u00eda Reiche) das Linhas Nasca: Temos aqui o testemunho em grande escala e \u00fanico no mundo do primeiro despertar das ci\u00eancias exactas na evolu\u00e7\u00e3o da humanidade.<\/p>\n<p>Esta experi\u00eancia permitir-lhe-\u00e1 conhecer plena e profundamente a civiliza\u00e7\u00e3o Nazca.<\/p>\n<p>9:00 am: Iremos busc\u00e1-lo ao seu hotel ou esta\u00e7\u00e3o de autocarros e voaremos 35 minutos sobre as Linhas de Nazca. (Voar o mais cedo poss\u00edvel \u00e9 uma das chaves para aproveitar ao m\u00e1ximo este grande legado)<\/p>\n<p>10: da manh\u00e3: Visitaremos o centro cerimonial de Cahuachi: Cahuachi \u00e9 comparado como o Vaticano em Roma, ou como Meca na Ar\u00e1bia Saudita. No tempo do Povo Nazca 200 a.c. e em tempos especiais, pessoas de todo o antigo Peru re\u00fanem-se procurando chegar a Cahuachi ir ordem para participar nas Cerim\u00f3nias. Este lugar tem 24,2 km de comprimento e apenas menos de 20% o descobrem. Ap\u00f3s atravessarmos o deserto mais antigo e seco do planeta, faremos uma pausa para o almo\u00e7o (n\u00e3o inclu\u00eddo no pre\u00e7o). Dependendo da sua energia, podemos continuar com o pr\u00f3ximo passeio.<\/p>\n<p>Por volta das 14h00, regressaremos ao sul da famosa auto-estrada pan-americana e visitaremos a Necr\u00f3pole de Chauchilla: Este local foi destru\u00eddo na sua maioria por tombraiders, que procuravam ouro e tesouros. Sabiam que o velho costume do povo nasca era enterr\u00e1-los com os seus pr\u00f3prios pertences e tamb\u00e9m com diferentes presentes. \u00c9 muito impressionante ver a maior parte das provas t\u00e3o bem preservadas, isto devido \u00e0 seca na zona. Viajaremos no tempo, recordando como eram os rituais para os enterrar e a sua vis\u00e3o do mundo sobre a vida e a morte.<\/p>\n<p>Por \u00faltimo, mas nunca menos importante, visitaremos os impressionantes Cantalloc Aqueducts: Admiramos como os Incas conseguiram dominar os Andes numa \u00e1rea muito in\u00f3spita. Contudo, precisamos de olhar para tr\u00e1s e admirar aqueles povos pr\u00e9-Inca, tais como os Nascas, o povo Moche e os wari. Eles constru\u00edram o maior exemplo de engenharia hidr\u00e1ulica, transformando o deserto num vasto, f\u00e9rtil e pr\u00f3spero vale.<\/p>\n<p>Como amante da hist\u00f3ria antiga, recomendo-o vivamente.<\/p>\n<p>Quase no final do dia ser\u00e1 o fim dos nossos servi\u00e7os.<\/p>\n<p>&nbsp;<\/p>\n<p><a href=\"https:\/\/nazcatrips.com\/wp-content\/uploads\/2022\/08\/2020-10-1361.jpg\"><img fetchpriority=\"high\" decoding=\"async\" class=\"alignnone wp-image-3498 size-full\" src=\"https:\/\/nazcatrips.com\/wp-content\/uploads\/2022\/08\/2020-10-1361.jpg\" alt=\"Cahuachi Tour\" width=\"239\" height=\"239\" srcset=\"https:\/\/nazcatrips.com\/wp-content\/uploads\/2022\/08\/2020-10-1361.jpg 239w, https:\/\/nazcatrips.com\/wp-content\/uploads\/2022\/08\/2020-10-1361-150x150.jpg 150w, https:\/\/nazcatrips.com\/wp-content\/uploads\/2022\/08\/2020-10-1361-12x12.jpg 12w, https:\/\/nazcatrips.com\/wp-content\/uploads\/2022\/08\/2020-10-1361-85x85.jpg 85w, https:\/\/nazcatrips.com\/wp-content\/uploads\/2022\/08\/2020-10-1361-100x100.jpg 100w\" sizes=\"(max-width: 239px) 100vw, 239px\" \/><\/a><a href=\"https:\/\/nazcatrips.com\/wp-content\/uploads\/2022\/08\/2020-10-1363.jpg\"><img decoding=\"async\" class=\"alignnone wp-image-3499 size-full\" src=\"https:\/\/nazcatrips.com\/wp-content\/uploads\/2022\/08\/2020-10-1363.jpg\" alt=\"linhas de Nazca \" width=\"239\" height=\"239\" srcset=\"https:\/\/nazcatrips.com\/wp-content\/uploads\/2022\/08\/2020-10-1363.jpg 239w, https:\/\/nazcatrips.com\/wp-content\/uploads\/2022\/08\/2020-10-1363-150x150.jpg 150w, https:\/\/nazcatrips.com\/wp-content\/uploads\/2022\/08\/2020-10-1363-12x12.jpg 12w, https:\/\/nazcatrips.com\/wp-content\/uploads\/2022\/08\/2020-10-1363-85x85.jpg 85w, https:\/\/nazcatrips.com\/wp-content\/uploads\/2022\/08\/2020-10-1363-100x100.jpg 100w\" sizes=\"(max-width: 239px) 100vw, 239px\" \/><\/a><a href=\"https:\/\/nazcatrips.com\/wp-content\/uploads\/2022\/08\/20181230_160404.jpg\"><img decoding=\"async\" class=\"alignnone wp-image-3500 size-full\" src=\"https:\/\/nazcatrips.com\/wp-content\/uploads\/2022\/08\/20181230_160404.jpg\" alt=\"nazca tours\" width=\"239\" height=\"239\" srcset=\"https:\/\/nazcatrips.com\/wp-content\/uploads\/2022\/08\/20181230_160404.jpg 239w, https:\/\/nazcatrips.com\/wp-content\/uploads\/2022\/08\/20181230_160404-150x150.jpg 150w, https:\/\/nazcatrips.com\/wp-content\/uploads\/2022\/08\/20181230_160404-12x12.jpg 12w, https:\/\/nazcatrips.com\/wp-content\/uploads\/2022\/08\/20181230_160404-85x85.jpg 85w, https:\/\/nazcatrips.com\/wp-content\/uploads\/2022\/08\/20181230_160404-100x100.jpg 100w\" sizes=\"(max-width: 239px) 100vw, 239px\" \/><\/a><a href=\"https:\/\/nazcatrips.com\/wp-content\/uploads\/2022\/08\/nazca-tours-Nazca-1-e1668978200678.jpg\"><img loading=\"lazy\" decoding=\"async\" class=\"alignnone wp-image-3504\" src=\"https:\/\/nazcatrips.com\/wp-content\/uploads\/2022\/08\/nazca-tours-Nazca-1-e1668978200678.jpg\" alt=\"\" width=\"382\" height=\"238\" srcset=\"https:\/\/nazcatrips.com\/wp-content\/uploads\/2022\/08\/nazca-tours-Nazca-1-e1668978200678.jpg 239w, https:\/\/nazcatrips.com\/wp-content\/uploads\/2022\/08\/nazca-tours-Nazca-1-e1668978200678-18x12.jpg 18w\" sizes=\"(max-width: 382px) 100vw, 382px\" \/><\/a><\/p>\n<h3>Inclus\u00f5es<\/h3>\n<p>1. Transporte de ida e volta para o hotel em Nazca.<\/p>\n<p>2. Guia bil\u00edngue (ingl\u00eas\/espanhol)<\/p>\n<p>3. Entradas (a pagar pelo cliente)<\/p>\n<h3>Exclus\u00f5es<\/h3>\n<p>\u2013 Comida e bebida.<\/p>\n<p>- 80 soles peruanos Taxa de aeroporto<\/p>\n<p>- Entradas nos acueductos 10 soles peruanos<\/p>\n<p>- Entradas no miradouro da torre met\u00e1lica nazca = 6 soles peruanos, palpa = 3 soles peruanos e museu Maria reiche = 5 soles peruanos<\/p>\n<h3>Partidas<\/h3>\n<p>\u2013 Das 7h00 \u00e0s 18h00<\/p>\n<h3>Informa\u00e7\u00e3o adicional<\/h3>\n<p>Este passeio deve ser reservado com pelo menos 01 semana de anteced\u00eancia do seu passeio com data.<\/p>","protected":false},"excerpt":{"rendered":"<h3>Sobre as Linhas de Nazca<\/h3>\n<p>As Linhas de Nazca s\u00e3o um grupo de enormes geoglifos, que s\u00e3o padr\u00f5es ou motivos esculpidos na terra, que est\u00e3o situados na plan\u00edcie costeira do Peru, cerca de 400 quil\u00f4metros ao sul de Lima. As Linhas de Nazca de 2.000 anos, que foram desenhadas pela antiga civiliza\u00e7\u00e3o de Nazca na Am\u00e9rica do Sul e mostram uma variedade de plantas, animais e formas, s\u00f3 podem ser completamente apreciadas do ar devido \u00e0 sua enorme escala.<\/p>","protected":false},"featured_media":964,"template":"","meta":{"_acf_changed":false},"product_brand":[],"product_cat":[39,29,23],"product_tag":[],"class_list":{"0":"post-963","1":"product","2":"type-product","3":"status-publish","4":"has-post-thumbnail","6":"product_cat-nazca-lines","7":"product_cat-flight","8":"product_cat-nazca-tour","9":"wt_location-nazca-tour","11":"first","12":"instock","13":"sold-individually","14":"shipping-taxable","15":"purchasable","16":"product-type-simple"},"acf":{"resumo_email":""},"_links":{"self":[{"href":"https:\/\/nazcatrips.com\/pt\/wp-json\/wp\/v2\/product\/963","targetHints":{"allow":["GET"]}}],"collection":[{"href":"https:\/\/nazcatrips.com\/pt\/wp-json\/wp\/v2\/product"}],"about":[{"href":"https:\/\/nazcatrips.com\/pt\/wp-json\/wp\/v2\/types\/product"}],"wp:featuredmedia":[{"embeddable":true,"href":"https:\/\/nazcatrips.com\/pt\/wp-json\/wp\/v2\/media\/964"}],"wp:attachment":[{"href":"https:\/\/nazcatrips.com\/pt\/wp-json\/wp\/v2\/media?parent=963"}],"wp:term":[{"taxonomy":"product_brand","embeddable":true,"href":"https:\/\/nazcatrips.com\/pt\/wp-json\/wp\/v2\/product_brand?post=963"},{"taxonomy":"product_cat","embeddable":true,"href":"https:\/\/nazcatrips.com\/pt\/wp-json\/wp\/v2\/product_cat?post=963"},{"taxonomy":"product_tag","embeddable":true,"href":"https:\/\/nazcatrips.com\/pt\/wp-json\/wp\/v2\/product_tag?post=963"}],"curies":[{"name":"wp","href":"https:\/\/api.w.org\/{rel}","templated":true}]}}