{"id":968,"date":"2022-07-25T21:58:08","date_gmt":"2022-07-25T21:58:08","guid":{"rendered":"https:\/\/nazcatrips.webja.pt\/?post_type=product&#038;p=968"},"modified":"2026-03-14T22:24:49","modified_gmt":"2026-03-14T22:24:49","slug":"nazca-lines-tour-one-day-tour-program-from-lima-tourist-bus","status":"publish","type":"product","link":"https:\/\/nazcatrips.com\/pt\/shop\/nazca-lines\/nazca-lines-tour-one-day-tour-program-from-lima-tourist-bus\/","title":{"rendered":"Excurs\u00e3o de 1 dia \u00e0s linhas de Nazca saindo de Lima (\u00f4nibus tur\u00edstico)"},"content":{"rendered":"<h3 style=\"padding-left: 40px\">Itiner\u00e1rio<\/h3>\n<p>Nossa excurs\u00e3o \u00e0s linhas de Nazca saindo de Lima ser\u00e1 a maior viagem de sua vida!<\/p>\n<p>21:15 hrs. Os nossos clientes ser\u00e3o recolhidos nos seus respectivos hot\u00e9is e depois ser\u00e3o transferidos para o terminal de autocarros para uma viagem de 7 horas. Atrav\u00e9s da mundialmente famosa rodovia Pan-Americana.<\/p>\n<p>O percurso ser\u00e1 de 420 quil\u00f3metros, chegando \u00e0 cidade de Nazca aproximadamente \u00e0s 5:30 da manh\u00e3. Onde os nossos clientes ser\u00e3o assistidos pelo nosso guia tur\u00edstico oficial. Quem ir\u00e1 transferi-los para o aeroporto Maria Reiche.<\/p>\n<p>No Aeroporto reconfirmaremos os dados com o passaporte e daremos os melhores conselhos para desfrutar de um grande sobrevoo \u00e0s ancestrais Linhas de Nazca, antes de entrar na Zona de embarque, Nosso Guia fornecer\u00e1 uma contextualiza\u00e7\u00e3o hist\u00f3rica das fascinantes Linhas de Nazca.<\/p>\n<p>A \u00e1rea onde est\u00e3o localizadas as linhas de Nazca tem 500 km2, onde voc\u00ea ver\u00e1 as seguintes figuras e linhas: A Baleia, Trap\u00e9zio, O Astronauta, O Macaco, O Cachorro, O Beija-flor, O Condor, A Aranha, A Fragata, O Papagaio, A \u00c1rvore e as M\u00e3os (Voc\u00ea tamb\u00e9m ver\u00e1 a figura restaurada do lagarto). Algumas das figuras podem medir mais de 300 metros e a maioria s\u00f3 pode ser apreciada do ar.<\/p>\n<p>Quem os fez, e por que s\u00f3 eles podiam ser vistos do c\u00e9u?<\/p>\n<p>Este sobrevoo promete lev\u00e1-lo a uma viagem ao passado, aproximando-o e profundamente de uma das maiores maravilhas de todo o planeta.<\/p>\n<p>Depois de ter desfrutado de uma das melhores experi\u00eancias de sua vida. Nosso guia estar\u00e1 atento esperando o desembarque. Para depois lev\u00e1-lo de volta \u00e0 cidade de Nazca, para desfrutar de um saboroso menu tur\u00edstico em um dos restaurantes mais recomendados.<\/p>\n<p>Later, we will begin a short terrestrial tour to learn more about the intriguing Nazca civilization. The visit will be to one of the greatest expressions of hydraulic engineering, the famous Cantalloc aqueducts (this tour is not include and cost 50 dollar , include transportation and tour guide ).<\/p>\n<p>No final do passeio; Retornaremos \u00e0 cidade e depois iremos ao terminal de \u00f4nibus.<\/p>\n<p>\u00c0s 14h10 ou 14h15, embarcaremos no autocarro para o Grande Regresso \u00e0 cidade dos reis.<\/p>\n<p>\u00c0 sua chegada, nosso motorista\/representante estar\u00e1 esperando por voc\u00ea para transferi-lo para o respectivo hotel.<\/p>\n<p>Grato por ter nos escolhido para sua visita \u00e0s milenares e deslumbrantes linhas de Nazca, ser\u00e1 o fim de nossos servi\u00e7os.<\/p>\n<h3>Exclus\u00f5es<\/h3>\n<p>Guia falando ingl\u00eas na estrada.<\/p>\n<p>Airport tax 77 peruvian soles.<\/p>\n<p>Ticket entrance of cantalloc aqueducts<\/p>\n<h3>Sa\u00edda di\u00e1ria de Lima<\/h3>\n<p>Recolha no hotel (Miraflores ou San Isidro, as zonas fora deste intervalo ter\u00e3o de ser coordenadas antes da reserva da excurs\u00e3o) \u00e0s 21:15 horas.<br \/>\nO autocarro parte de Lima \u00e0s 22:00 horas.<\/p>\n<h3>Informa\u00e7\u00f5es adicionais sobre este passeio de dia inteiro<\/h3>\n<p>Este passeio de dia inteiro deve ser reservado com pelo menos 1 semana de anteced\u00eancia da sua partida.<\/p>","protected":false},"excerpt":{"rendered":"<h3>Sobre Nazca<\/h3>\n<p>Uma cidade e uma rede de vales chamada Nazca est\u00e3o localizadas na costa sul do Peru. Na prov\u00edncia de Nazca, \u00e9 tamb\u00e9m o nome da maior cidade ainda existente. A civiliza\u00e7\u00e3o de Nazca, que floresceu na regi\u00e3o entre 100 aC e 800 dC, \u00e9 a fonte do nome.<br \/>\nAs Linhas de Nazca e a cidade cerimonial de Cahuachi s\u00e3o produtos dessa cultura. Eles tamb\u00e9m constru\u00edram outros aquedutos subterr\u00e2neos, conhecidos como puquios, como parte de um sistema regional que ainda est\u00e1 em uso hoje. Pensa-se que a cultura anterior de Paracas construiu os primeiros puquios.<\/p>","protected":false},"featured_media":969,"template":"","meta":{"_acf_changed":false},"product_brand":[],"product_cat":[39,23],"product_tag":[],"class_list":{"0":"post-968","1":"product","2":"type-product","3":"status-publish","4":"has-post-thumbnail","6":"product_cat-nazca-lines","7":"product_cat-nazca-tour","8":"wt_location-lima","10":"first","11":"instock","12":"sold-individually","13":"shipping-taxable","14":"purchasable","15":"product-type-simple"},"acf":{"resumo_email":""},"_links":{"self":[{"href":"https:\/\/nazcatrips.com\/pt\/wp-json\/wp\/v2\/product\/968","targetHints":{"allow":["GET"]}}],"collection":[{"href":"https:\/\/nazcatrips.com\/pt\/wp-json\/wp\/v2\/product"}],"about":[{"href":"https:\/\/nazcatrips.com\/pt\/wp-json\/wp\/v2\/types\/product"}],"wp:featuredmedia":[{"embeddable":true,"href":"https:\/\/nazcatrips.com\/pt\/wp-json\/wp\/v2\/media\/969"}],"wp:attachment":[{"href":"https:\/\/nazcatrips.com\/pt\/wp-json\/wp\/v2\/media?parent=968"}],"wp:term":[{"taxonomy":"product_brand","embeddable":true,"href":"https:\/\/nazcatrips.com\/pt\/wp-json\/wp\/v2\/product_brand?post=968"},{"taxonomy":"product_cat","embeddable":true,"href":"https:\/\/nazcatrips.com\/pt\/wp-json\/wp\/v2\/product_cat?post=968"},{"taxonomy":"product_tag","embeddable":true,"href":"https:\/\/nazcatrips.com\/pt\/wp-json\/wp\/v2\/product_tag?post=968"}],"curies":[{"name":"wp","href":"https:\/\/api.w.org\/{rel}","templated":true}]}}